{"id":139,"date":"2018-11-16T10:45:59","date_gmt":"2018-11-16T09:45:59","guid":{"rendered":"https:\/\/www.hdh-net.de\/?page_id=139"},"modified":"2022-03-02T14:15:49","modified_gmt":"2022-03-02T13:15:49","slug":"telestar","status":"publish","type":"page","link":"https:\/\/www.hdh-net.de\/index.php\/unsere-partner\/telestar\/","title":{"rendered":"TELESTAR"},"content":{"rendered":"<p><a href=\"https:\/\/www.hdh-net.de\/wp-content\/uploads\/2018\/11\/telestar_logo_200.jpg\"><img loading=\"lazy\" decoding=\"async\" class=\"alignnone size-full wp-image-142\" src=\"https:\/\/www.hdh-net.de\/wp-content\/uploads\/2018\/11\/telestar_logo_200.jpg\" alt=\"\" width=\"200\" height=\"39\" \/><\/a>\u00a0\u00a0<a href=\"https:\/\/www.hdh-net.de\/wp-content\/uploads\/2018\/11\/imperial_logo_100.jpg\"><img loading=\"lazy\" decoding=\"async\" class=\"alignnone size-full wp-image-145\" src=\"https:\/\/www.hdh-net.de\/wp-content\/uploads\/2018\/11\/imperial_logo_100.jpg\" alt=\"\" width=\"99\" height=\"39\" \/>\u00a0 \u00a0 \u00a0 \u00a0<img loading=\"lazy\" decoding=\"async\" class=\"attachment-post-thumbnail size-post-thumbnail\" src=\"https:\/\/www.hdh-net.de\/wp-content\/uploads\/2019\/07\/Philips-Logo-50.jpg\" alt=\"\" width=\"50\" height=\"62\" \/><\/a><\/p>\n<p>Bereits seit 1993 ist TELESTAR im Segment der Unterhaltungselektronik ein Synonym f\u00fcr Qualit\u00e4t und ein sehr gutes Preis-\/Leistungsverh\u00e4ltnis. Vom Unternehmenssitz in der Vulkaneifel aus vertreibt die TELESTAR-DIGITAL GmbH hochwertige Empfangstechnik f\u00fcr den Digital-TV Empfang via Satellit (DVB-S\/S2), Kabel (DVB-C) oder Terrestrik (DVB-T\/T2). Digitalreceiver und Fernsehger\u00e4te der neuesten Generation geh\u00f6ren hierbei ebenso zum Produktportfolio wie moderne Verteil- und Einkabeltechnik und Sat-to-IP Empfangsl\u00f6sungen. Abgerundet wird das Angebot durch das deutschlandweit umfangreichste Zubeh\u00f6rsortiment f\u00fcr den digitalen Fernsehempfang.<\/p>\n<p>Im Laufe von 25 ereignisreichen Unternehmensjahren wurden neben der Marke TELESTAR weitere Brands erfolgreich am Markt etabliert, deren Vertrieb ebenfalls durch die TELESTAR-DIGITAL GmbH erfolgt. Hierzu z\u00e4hlen unter anderem die Marken TelSKY und IMPERIAL (DIGITALBOX), deren Produktportfolios das bestehende Sortiment um Digitalreceiver, Empfangstechnik und Zubeh\u00f6r im Preiseinstiegsbereich sowie Digitalradios und Bluetooth-Lautsprecher bzw. Kopfh\u00f6rer erg\u00e4nzen. TELESTAR ist au\u00dferdem weltweit\u00a0 exklusiver Vertrieb f\u00fcr hochwertige Audio-Produkte der Marke Revo.<\/p>\n<p>Komplettiert wird das Portfolio durch die Marke inolight, unter der wir hochwertige LED Beleuchtung vertreiben. Das inolight Sortiment beinhaltet eine Vielzahl unterschiedlicher LED-Lampen f\u00fcr jeden Anwendungsfall. inolight setzt hierbei auf energieeffiziente OSRAM LED Technologie sowie austauschbare Komponenten und wird ausschlie\u00dflich in Deutschland produziert.<\/p>\n<p>Seit Mai 2019 ist TELESTAR auch in Deutschland exclusiver Vertrieb f\u00fcr PHILIPS Beamer. Den aktuellen Katalog finden Sie unten zum Download bereit.<\/p>\n<p>\u00dcberzeugen Sie sich direkt unter <a href=\"http:\/\/www.telestar.de\" target=\"_blank\" rel=\"noopener\">www.telestar.de<\/a><\/p>\n<hr \/>\n<p>Folgende Kataloge stehen derzeit zum Download bereit:<\/p>\n<p><b> TELESTAR Gesamtkatalog 2021 &#8211; Stand 05\/2021 (30 MB)<\/b><br \/>Download: <a href=\"https:\/\/www.hdh-net.de\/wp-content\/uploads\/2022\/03\/Katalog_2021_web.pdf\" target=\"_blank\" rel=\"noopener\">TELESTAR Gesamt Katalog<\/a><\/p>\n<p><b>IMPERIAL Katalog 2021 &#8211; Stand 09\/2021 (82 MB)<\/b><\/p>\n<p>Download: <a href=\"https:\/\/www.hdh-net.de\/wp-content\/uploads\/2022\/03\/IMPERIAL-AUDIO-SERIE-2021.pdf\" target=\"_blank\" rel=\"noopener\">IMPERIAL 2021 Katalog<\/a><\/p>\n<p><strong>PHILIPS Beamer &#8211; Gesamtkatalog 2020 &#8211; Stand 03\/2020<\/strong>\u00a0<strong>(3MB)<\/strong><\/p>\n<p>Download:<a href=\"https:\/\/www.hdh-net.de\/wp-content\/uploads\/2022\/03\/Philips_projection_catalogue_0320_DE_low.pdf\" target=\"_blank\" rel=\"noopener\"> PHILIPS BEAMER 2020 Katalog<\/a><\/p>\n<p><strong>Inolight Lichtbogenfeuerzeuge<\/strong><\/p>\n<p>Download:\u00a0<a href=\"https:\/\/www.hdh-net.de\/wp-content\/uploads\/2019\/09\/6-Seiter_Lichtbogenfeuerzeuge_einzeln_0619.pdf\">InoLight Lichtbogenfeuerzeuge Prospekt<\/a><\/p>\n\n\n<p><strong>Olimpia Splendid Klimaanlagen\/Klimatisierung<\/strong> <strong>&#8211; Stand 04\/2021 (14MB)<\/strong><\/p>\n\n\n\n<p>Download:\u00a0<a href=\"https:\/\/www.hdh-net.de\/wp-content\/uploads\/2022\/03\/Olimpia-Splendid-Produktkatalog-2021.pdf\">Olimpia Splendid Katalog Klimatisierung 2021<\/a><\/p>\n\n\n\n<p><strong>DELTACO &#8211; Gaming for everyone<\/strong> <strong>&#8211; Stand 01\/2022 (15MB)<\/strong><\/p>\n\n\n\n<p>Download: <a href=\"https:\/\/www.hdh-net.de\/wp-content\/uploads\/2022\/03\/DeltacoGaming_Katalog_2022.pdf\" data-type=\"URL\" data-id=\"https:\/\/www.hdh-net.de\/wp-content\/uploads\/2022\/03\/DeltacoGaming_Katalog_2022.pdf\">DELTACO Gaming 2022<\/a><\/p>\n","protected":false},"excerpt":{"rendered":"<p>\u00a0\u00a0\u00a0 \u00a0 \u00a0 \u00a0 Bereits seit 1993 ist TELESTAR im Segment der Unterhaltungselektronik ein Synonym f\u00fcr Qualit\u00e4t und ein sehr gutes Preis-\/Leistungsverh\u00e4ltnis. Vom Unternehmenssitz in der Vulkaneifel aus vertreibt die TELESTAR-DIGITAL GmbH hochwertige Empfangstechnik f\u00fcr den Digital-TV Empfang via Satellit &hellip; <a href=\"https:\/\/www.hdh-net.de\/index.php\/unsere-partner\/telestar\/\">Weiterlesen <span class=\"meta-nav\">&rarr;<\/span><\/a><\/p>\n","protected":false},"author":1,"featured_media":166,"parent":20,"menu_order":50,"comment_status":"closed","ping_status":"closed","template":"","meta":{"footnotes":""},"class_list":["post-139","page","type-page","status-publish","has-post-thumbnail","hentry"],"_links":{"self":[{"href":"https:\/\/www.hdh-net.de\/index.php\/wp-json\/wp\/v2\/pages\/139","targetHints":{"allow":["GET"]}}],"collection":[{"href":"https:\/\/www.hdh-net.de\/index.php\/wp-json\/wp\/v2\/pages"}],"about":[{"href":"https:\/\/www.hdh-net.de\/index.php\/wp-json\/wp\/v2\/types\/page"}],"author":[{"embeddable":true,"href":"https:\/\/www.hdh-net.de\/index.php\/wp-json\/wp\/v2\/users\/1"}],"replies":[{"embeddable":true,"href":"https:\/\/www.hdh-net.de\/index.php\/wp-json\/wp\/v2\/comments?post=139"}],"version-history":[{"count":12,"href":"https:\/\/www.hdh-net.de\/index.php\/wp-json\/wp\/v2\/pages\/139\/revisions"}],"predecessor-version":[{"id":225,"href":"https:\/\/www.hdh-net.de\/index.php\/wp-json\/wp\/v2\/pages\/139\/revisions\/225"}],"up":[{"embeddable":true,"href":"https:\/\/www.hdh-net.de\/index.php\/wp-json\/wp\/v2\/pages\/20"}],"wp:featuredmedia":[{"embeddable":true,"href":"https:\/\/www.hdh-net.de\/index.php\/wp-json\/wp\/v2\/media\/166"}],"wp:attachment":[{"href":"https:\/\/www.hdh-net.de\/index.php\/wp-json\/wp\/v2\/media?parent=139"}],"curies":[{"name":"wp","href":"https:\/\/api.w.org\/{rel}","templated":true}]}}