{"id":26,"date":"2015-08-11T21:38:04","date_gmt":"2015-08-11T19:38:04","guid":{"rendered":"http:\/\/www.hdh-srv02.de\/?page_id=26"},"modified":"2018-11-16T11:37:10","modified_gmt":"2018-11-16T10:37:10","slug":"audiodesign-gmbh","status":"publish","type":"page","link":"https:\/\/www.hdh-net.de\/index.php\/unsere-partner\/audiodesign-gmbh\/","title":{"rendered":"Audiodesign GmbH"},"content":{"rendered":"<p style=\"text-align: justify;\"><a href=\"https:\/\/www.hdh-net.de\/wp-content\/uploads\/2018\/11\/AD-Logos_100.jpg\"><img loading=\"lazy\" decoding=\"async\" class=\"alignnone size-full wp-image-159\" src=\"https:\/\/www.hdh-net.de\/wp-content\/uploads\/2018\/11\/AD-Logos_100.jpg\" alt=\"\" width=\"123\" height=\"100\" \/>\u00a0 \u00a0<\/a><a href=\"https:\/\/www.hdh-net.de\/wp-content\/uploads\/2018\/11\/AD_Logos_samm.jpg\"><img loading=\"lazy\" decoding=\"async\" class=\"alignnone size-medium wp-image-157\" src=\"https:\/\/www.hdh-net.de\/wp-content\/uploads\/2018\/11\/AD_Logos_samm-300x35.jpg\" alt=\"\" width=\"300\" height=\"35\" srcset=\"https:\/\/www.hdh-net.de\/wp-content\/uploads\/2018\/11\/AD_Logos_samm-300x35.jpg 300w, https:\/\/www.hdh-net.de\/wp-content\/uploads\/2018\/11\/AD_Logos_samm-768x89.jpg 768w, https:\/\/www.hdh-net.de\/wp-content\/uploads\/2018\/11\/AD_Logos_samm-1024x119.jpg 1024w, https:\/\/www.hdh-net.de\/wp-content\/uploads\/2018\/11\/AD_Logos_samm-500x58.jpg 500w, https:\/\/www.hdh-net.de\/wp-content\/uploads\/2018\/11\/AD_Logos_samm.jpg 1717w\" sizes=\"auto, (max-width: 300px) 100vw, 300px\" \/><\/a><\/p>\n<p style=\"text-align: justify;\">Kaum ein anderer Car-Hifi Lieferant steht so f\u00fcr starke Marken, \u00fcberzeugende Technik und innovative Rekorde wie unser Industriepartner Audio Design. Klicken Sie hier <a href=\"http:\/\/www.audiodesign.de\" target=\"_blank\" rel=\"noopener\">www.Audiodesign.de<\/a> und verschaffen Sie sich einen exklusiven \u00dcberblick \u00fcber das umfangreiche Produktportfolio des Spezialisen f\u00fcr guten Klang im Auto.<\/p>\n<p style=\"text-align: justify;\">Die Audio Design GmbH wurde 1984 in Kronau\/Nordbaden als Lautsprechermanufaktur gegr\u00fcndet. Seit 1989 widmen wir uns ausschlie\u00dflich der Konzeptionierung, Entwicklung und dem Vertrieb von hochwertigen Car Hifi Komponenten und Aftermarket-Produkten. Mit Eigenmarken wie HiFonics und Crunch in Deutschland, \u00d6sterreich und der Schweiz sowie den Marken ESX und Renegade europaweit, ist die Firma mittlerweile auch als Produzent erfolgreich am Markt positioniert.<\/p>\n<p style=\"text-align: justify;\">Zusammen mit den ber\u00fchmten Vertriebsmarken Helix, Brax, Rockford Fosgate, JL Audio, Kicker, Lightning Audio, Autotek und MB Quart bietet Audio Design ein umfangreiches Portfolio an Produkten und arbeitet mit den jeweiligen Herstellern dieser Marken sehr eng zusammen.<\/p>\n<p style=\"text-align: justify;\">Unsere Aufgabe ist es, Produkte speziell f\u00fcr den europ\u00e4ischen Markt zu selektieren und zu optimieren.<\/p>\n<p style=\"text-align: justify;\">So werden unter anderem aufwendige Tests und Pr\u00fcfreihen durchgef\u00fchrt, bis ein Produkt die jeweiligen Kriterien erf\u00fcllt um in unser Angebot aufgenommen zu werden.<\/p>\n<p style=\"text-align: justify;\">Die Palette reicht von der europ\u00e4ischen CE-Pr\u00fcfung, RoHS-Richtlinien und E-Zertifizierung bis hin zu Klang- abstimmungen und Feintuning an den Ger\u00e4ten.<\/p>\n<p style=\"text-align: justify;\">Seit Jahren pr\u00e4sentieren wir unsere Produkte auf Messen und Events wie Recaro Days, Essen Motor Show, EMMA, DB Drag Roadshows, Automechanika und anderen namhaften Veranstaltungen aus dem Bereich Car Audio und Tuning.<\/p>\n<p style=\"text-align: justify;\">Wir stehen mit unserem Namen f\u00fcr ausgezeichnete Produkte, die in Qualit\u00e4t und Verarbeitung den h\u00f6chsten Anspr\u00fcchen gerecht werden. Sollte es dennoch vorkommen, dass ein Produkt ausf\u00e4llt oder fehlerhaft arbeitet, gew\u00e4hren wir selbstverst\u00e4ndlich Gew\u00e4hrleistung und sorgen mit unserer hauseigenen Serviceabteilung f\u00fcr eine reibungslose Garantieabwicklung. Audio Design \u00fcbernimmt f\u00fcr die verkauften Produkte die Gew\u00e4hrleistung im Rahmen der EU Gesetzgebung und b\u00fcrgt auch f\u00fcr eine jahrelange Versorgung mit Ersatzteilen auch nach der Garantielaufzeit.<\/p>\n<p>\u00dcberzeugen Sie sich selbst unter <a href=\"http:\/\/www.audiodesign.de\">http:\/\/www.audiodesign.de\/<\/a><\/p>\n","protected":false},"excerpt":{"rendered":"<p>\u00a0 \u00a0 Kaum ein anderer Car-Hifi Lieferant steht so f\u00fcr starke Marken, \u00fcberzeugende Technik und innovative Rekorde wie unser Industriepartner Audio Design. Klicken Sie hier www.Audiodesign.de und verschaffen Sie sich einen exklusiven \u00dcberblick \u00fcber das umfangreiche Produktportfolio des Spezialisen f\u00fcr &hellip; <a href=\"https:\/\/www.hdh-net.de\/index.php\/unsere-partner\/audiodesign-gmbh\/\">Weiterlesen <span class=\"meta-nav\">&rarr;<\/span><\/a><\/p>\n","protected":false},"author":1,"featured_media":0,"parent":20,"menu_order":10,"comment_status":"closed","ping_status":"closed","template":"","meta":{"footnotes":""},"class_list":["post-26","page","type-page","status-publish","hentry"],"_links":{"self":[{"href":"https:\/\/www.hdh-net.de\/index.php\/wp-json\/wp\/v2\/pages\/26","targetHints":{"allow":["GET"]}}],"collection":[{"href":"https:\/\/www.hdh-net.de\/index.php\/wp-json\/wp\/v2\/pages"}],"about":[{"href":"https:\/\/www.hdh-net.de\/index.php\/wp-json\/wp\/v2\/types\/page"}],"author":[{"embeddable":true,"href":"https:\/\/www.hdh-net.de\/index.php\/wp-json\/wp\/v2\/users\/1"}],"replies":[{"embeddable":true,"href":"https:\/\/www.hdh-net.de\/index.php\/wp-json\/wp\/v2\/comments?post=26"}],"version-history":[{"count":5,"href":"https:\/\/www.hdh-net.de\/index.php\/wp-json\/wp\/v2\/pages\/26\/revisions"}],"predecessor-version":[{"id":162,"href":"https:\/\/www.hdh-net.de\/index.php\/wp-json\/wp\/v2\/pages\/26\/revisions\/162"}],"up":[{"embeddable":true,"href":"https:\/\/www.hdh-net.de\/index.php\/wp-json\/wp\/v2\/pages\/20"}],"wp:attachment":[{"href":"https:\/\/www.hdh-net.de\/index.php\/wp-json\/wp\/v2\/media?parent=26"}],"curies":[{"name":"wp","href":"https:\/\/api.w.org\/{rel}","templated":true}]}}